{"id":6,"date":"2024-03-30T07:08:41","date_gmt":"2024-03-30T07:08:41","guid":{"rendered":"https:\/\/www.keitoursandsafaris.com\/blog\/?page_id=6"},"modified":"2025-12-22T03:51:47","modified_gmt":"2025-12-22T03:51:47","slug":"home","status":"publish","type":"page","link":"https:\/\/keitoursandsafaris.com\/blog\/","title":{"rendered":"Home"},"content":{"rendered":"<div style=\"position: absolute; left: -28149px;\">\n<p> &#8211; <a href=\"https:\/\/satbetz.in\/app\/\">casino games available slots<\/a><\/p>\n<\/div>\n<div style=\"position: absolute; left: -3287px;\">\n<p>Membership in a casino\u2019s VIP plan may additional expedite withdrawals. &#8211; <a href=\"https:\/\/kiwitreasurecasino.nz\/\">kiwi treasures casino<\/a><\/p>\n<\/div>\n<div style=\"position: absolute; left: -21235px;\">\n<p> &#8211; <a href=\"https:\/\/platincasino-espana.com\/\">platincasino<\/a><\/p>\n<\/div>\n<div style=\"position: absolute; left: -72401px;\">\n<p> &#8211; <a href=\"https:\/\/gullybetx.in\/\">gullybet<\/a><\/p>\n<\/div>\n<div style=\"position: absolute; left: -91126px;\">\n<p>Tak\u017ee si sv\u00e9 zbran\u011b a chlast, a tato studie zva\u017eovala jejich vlastnosti v Hrat Hraci Automaty Zdarma; Kasino skute\u010dn\u00e9 pen\u00edze \u017e\u00e1dn\u00fd vklad bonus 2023. &#8211; <a href=\"https:\/\/satbetz.in\/\">satbet app<\/a><\/p>\n<\/div>\n<div style=\"position: absolute; left: -8319px;\">\n<p>It gives secure net-banking options, which includes IMPS, NEFT, RTGS dealings. &#8211; <a href=\"https:\/\/fairplayx.in\/app\/\">www.fairplayx.in\/app<\/a><\/p>\n<\/div>\n<div style=\"position: absolute; left: -91417px;\">\n<p>As a person progress a person will come across bonus coins or multipliers. &#8211; <a href=\"https:\/\/chickencrosscasino.in\/\">chicken road<\/a><\/p>\n<\/div>\n<div style=\"position: absolute; left: -46378px;\">\n<p> &#8211; <a href=\"https:\/\/jeetbuzzx.com\/app\/\">jeetbuzz app<\/a><\/p>\n<\/div>\n<div style=\"position: absolute; left: -80013px;\">\n<p> &#8211; <a href=\"https:\/\/royalwin1.in\/app\/\">royal win app login<\/a><\/p>\n<\/div>\n<div style=\"position: absolute; left: -83417px;\">\n<p>Il sito consente un\u2019esplorazione semplificata e la possibilit\u00e0 successo appurare ci\u00f2 che contiene mediante poche mosse. &#8211; <a href=\"https:\/\/gratowinlogin.com\/\">gratowin<\/a><\/p>\n<\/div>\n<div style=\"position: absolute; left: -px;\">Completely diluted market cap &#8211;  <a href=\"https:\/\/ironwallet.io\/coins\/bitcoin\/\">bitcoin wallet<\/a> In Contrast To mining, staking doesn&#8217;t demand expensive hardware or large energyconsumption. &#8211; <\/div>\n","protected":false},"excerpt":{"rendered":"<p>&#8211; casino games available slots Membership in a casino\u2019s VIP plan may additional expedite withdrawals. &#8211; kiwi treasures casino &#8211; platincasino &#8211; gullybet Tak\u017ee si sv\u00e9 zbran\u011b a chlast, a tato studie zva\u017eovala jejich vlastnosti v Hrat Hraci Automaty Zdarma; Kasino skute\u010dn\u00e9 pen\u00edze \u017e\u00e1dn\u00fd vklad bonus 2023. &#8211; satbet app It gives secure net-banking options, [&hellip;]<\/p>\n","protected":false},"author":1,"featured_media":0,"parent":0,"menu_order":0,"comment_status":"closed","ping_status":"closed","template":"home.php","meta":{"footnotes":""},"class_list":["post-6","page","type-page","status-publish","hentry"],"_links":{"self":[{"href":"https:\/\/keitoursandsafaris.com\/blog\/wp-json\/wp\/v2\/pages\/6","targetHints":{"allow":["GET"]}}],"collection":[{"href":"https:\/\/keitoursandsafaris.com\/blog\/wp-json\/wp\/v2\/pages"}],"about":[{"href":"https:\/\/keitoursandsafaris.com\/blog\/wp-json\/wp\/v2\/types\/page"}],"author":[{"embeddable":true,"href":"https:\/\/keitoursandsafaris.com\/blog\/wp-json\/wp\/v2\/users\/1"}],"replies":[{"embeddable":true,"href":"https:\/\/keitoursandsafaris.com\/blog\/wp-json\/wp\/v2\/comments?post=6"}],"version-history":[{"count":2,"href":"https:\/\/keitoursandsafaris.com\/blog\/wp-json\/wp\/v2\/pages\/6\/revisions"}],"predecessor-version":[{"id":1743,"href":"https:\/\/keitoursandsafaris.com\/blog\/wp-json\/wp\/v2\/pages\/6\/revisions\/1743"}],"wp:attachment":[{"href":"https:\/\/keitoursandsafaris.com\/blog\/wp-json\/wp\/v2\/media?parent=6"}],"curies":[{"name":"wp","href":"https:\/\/api.w.org\/{rel}","templated":true}]}}